{"id":108,"date":"2017-07-13T13:42:33","date_gmt":"2017-07-13T13:42:33","guid":{"rendered":"http:\/\/bib-facts.barra-is-barra.de\/?page_id=108"},"modified":"2017-07-14T13:52:19","modified_gmt":"2017-07-14T13:52:19","slug":"unser-tun","status":"publish","type":"page","link":"https:\/\/bib-facts.barra-is-barra.de\/?page_id=108","title":{"rendered":"Unser Tun"},"content":{"rendered":"<p>Unsere Arbeit pendelt zwischen\u00a0wissenschaftlich fundierten Analysen und eine gute Portion Intuition und viel Erfahrung. Erst einf\u00fchlsam zuh\u00f6ren und nachdenken, dann diszipliniert auf das Ziel hinarbeiten, dabei stets offen f\u00fcr notwendige \u00c4nderungen und Justierungen. Von Innen nach Aussen finden wir mit dem Kunden das Warum, wir erarbeiten das Wie und entwickeln das Was.<\/p>\n","protected":false},"excerpt":{"rendered":"<p>Unsere Arbeit pendelt zwischen\u00a0wissenschaftlich fundierten Analysen und eine gute Portion Intuition und viel Erfahrung. Erst einf\u00fchlsam zuh\u00f6ren und nachdenken, dann diszipliniert auf das Ziel hinarbeiten, dabei stets offen f\u00fcr notwendige \u00c4nderungen und Justierungen. Von Innen nach Aussen finden wir mit dem Kunden das Warum, wir erarbeiten das Wie und entwickeln das Was.<\/p>\n","protected":false},"author":1,"featured_media":0,"parent":0,"menu_order":0,"comment_status":"closed","ping_status":"closed","template":"","meta":[],"_links":{"self":[{"href":"https:\/\/bib-facts.barra-is-barra.de\/index.php?rest_route=\/wp\/v2\/pages\/108"}],"collection":[{"href":"https:\/\/bib-facts.barra-is-barra.de\/index.php?rest_route=\/wp\/v2\/pages"}],"about":[{"href":"https:\/\/bib-facts.barra-is-barra.de\/index.php?rest_route=\/wp\/v2\/types\/page"}],"author":[{"embeddable":true,"href":"https:\/\/bib-facts.barra-is-barra.de\/index.php?rest_route=\/wp\/v2\/users\/1"}],"replies":[{"embeddable":true,"href":"https:\/\/bib-facts.barra-is-barra.de\/index.php?rest_route=%2Fwp%2Fv2%2Fcomments&post=108"}],"version-history":[{"count":5,"href":"https:\/\/bib-facts.barra-is-barra.de\/index.php?rest_route=\/wp\/v2\/pages\/108\/revisions"}],"predecessor-version":[{"id":341,"href":"https:\/\/bib-facts.barra-is-barra.de\/index.php?rest_route=\/wp\/v2\/pages\/108\/revisions\/341"}],"wp:attachment":[{"href":"https:\/\/bib-facts.barra-is-barra.de\/index.php?rest_route=%2Fwp%2Fv2%2Fmedia&parent=108"}],"curies":[{"name":"wp","href":"https:\/\/api.w.org\/{rel}","templated":true}]}}