{"id":119,"date":"2017-07-13T13:51:30","date_gmt":"2017-07-13T13:51:30","guid":{"rendered":"http:\/\/bib-facts.barra-is-barra.de\/?page_id=119"},"modified":"2017-07-13T15:11:49","modified_gmt":"2017-07-13T15:11:49","slug":"produkte","status":"publish","type":"page","link":"https:\/\/bib-facts.barra-is-barra.de\/?page_id=119","title":{"rendered":"Produkte"},"content":{"rendered":"<h2><strong>Ghost-Thinking<\/strong>\u00a0Counceling<\/h2>\n<p>Sparring-Partner f\u00fcr einsame Entscheidungstr\u00e4ger beim Vor-, Mit-, und Nachdenken.<\/p>\n<h2><strong>Charakter-Hafen<\/strong>\u00a0Softskills-Management &amp; Assessment<\/h2>\n<p>Hilfestellung f\u00fcr Manager, die ihre Mitarbeiter oder Mitbewerber gerade nicht verstehen. \u201e\u00dcbersetzer\u201c f\u00fcr Personaler und Recruiter, die ihre Kandidaten nicht als Katze im Sack einstellen wollen.<\/p>\n<h2><strong>ZeBARRA<\/strong> Agentur f\u00fcr Kommunikation<\/h2>\n<p>Operative Gesch\u00e4fte rund um Unternehmenskommunikation mit Vorliebe f\u00fcr Identit\u00e4tsthemen von Namensfindung \u00fcber Logogestaltung und von der Ausstattung bis zu Werbemitteln und Videoclips.<\/p>\n","protected":false},"excerpt":{"rendered":"<p>Ghost-Thinking\u00a0Counceling Sparring-Partner f\u00fcr einsame Entscheidungstr\u00e4ger beim Vor-, Mit-, und Nachdenken. Charakter-Hafen\u00a0Softskills-Management &amp; Assessment Hilfestellung f\u00fcr Manager, die ihre Mitarbeiter oder Mitbewerber gerade nicht verstehen. \u201e\u00dcbersetzer\u201c f\u00fcr Personaler und Recruiter, die ihre Kandidaten nicht als Katze im Sack einstellen wollen. ZeBARRA Agentur f\u00fcr Kommunikation Operative Gesch\u00e4fte rund um Unternehmenskommunikation mit Vorliebe f\u00fcr Identit\u00e4tsthemen von Namensfindung \u00fcber &hellip; <\/p>\n<p class=\"link-more\"><a href=\"https:\/\/bib-facts.barra-is-barra.de\/?page_id=119\" class=\"more-link\"><span class=\"screen-reader-text\">\u201eProdukte\u201c<\/span> weiterlesen<\/a><\/p>\n","protected":false},"author":1,"featured_media":0,"parent":137,"menu_order":0,"comment_status":"closed","ping_status":"closed","template":"","meta":[],"_links":{"self":[{"href":"https:\/\/bib-facts.barra-is-barra.de\/index.php?rest_route=\/wp\/v2\/pages\/119"}],"collection":[{"href":"https:\/\/bib-facts.barra-is-barra.de\/index.php?rest_route=\/wp\/v2\/pages"}],"about":[{"href":"https:\/\/bib-facts.barra-is-barra.de\/index.php?rest_route=\/wp\/v2\/types\/page"}],"author":[{"embeddable":true,"href":"https:\/\/bib-facts.barra-is-barra.de\/index.php?rest_route=\/wp\/v2\/users\/1"}],"replies":[{"embeddable":true,"href":"https:\/\/bib-facts.barra-is-barra.de\/index.php?rest_route=%2Fwp%2Fv2%2Fcomments&post=119"}],"version-history":[{"count":7,"href":"https:\/\/bib-facts.barra-is-barra.de\/index.php?rest_route=\/wp\/v2\/pages\/119\/revisions"}],"predecessor-version":[{"id":166,"href":"https:\/\/bib-facts.barra-is-barra.de\/index.php?rest_route=\/wp\/v2\/pages\/119\/revisions\/166"}],"up":[{"embeddable":true,"href":"https:\/\/bib-facts.barra-is-barra.de\/index.php?rest_route=\/wp\/v2\/pages\/137"}],"wp:attachment":[{"href":"https:\/\/bib-facts.barra-is-barra.de\/index.php?rest_route=%2Fwp%2Fv2%2Fmedia&parent=119"}],"curies":[{"name":"wp","href":"https:\/\/api.w.org\/{rel}","templated":true}]}}