{"id":175,"date":"2017-07-13T15:13:26","date_gmt":"2017-07-13T15:13:26","guid":{"rendered":"http:\/\/bib-facts.barra-is-barra.de\/?page_id=175"},"modified":"2017-08-09T12:34:56","modified_gmt":"2017-08-09T12:34:56","slug":"ghost-thinking","status":"publish","type":"page","link":"https:\/\/bib-facts.barra-is-barra.de\/?page_id=175","title":{"rendered":"Ghost-Thinking"},"content":{"rendered":"<h2><strong>Vordenken, Mitdenken und die Angst von der leeren Unbekannten nehmen<\/strong><\/h2>\n<p>Wie der Name schon sagt, analog eines Ghostwriters, bleiben wir mit unsere Expertise im Hintergrund. Meistens hat der Kunde nur eine vage Ahnung von dem, was er vorhat, kann es nicht konkretisieren.<\/p>\n<p>Oft sind die Entscheidungstr\u00e4ger mit ihren Problemen alleingelassen. In solchen Stresssituationen kommen sehr viele Reize in einer sehr kurzen Zeit auf sie zu \u2013 gerade wenn wichtige Entscheidungen getroffen werden m\u00fcssen. Unter dem emotionalen Druck des Erfolges sind viele kaum in der Lage, diese Reize ertragsorientiert zu verarbeiten &#8211; aber die L\u00f6sungen sind oft bereits im Unbewussten gespeichert. Wir m\u00fcssen nur die Gedankenfetzen und Assoziationskaskaden, d.h. verborgene, verdr\u00e4ngte oder vergessene Fakten und Emotionen, in einem oder mehreren Gespr\u00e4chen <em>\u201efreischaufeln\u201c<\/em> und die Puzzleteile zusammensetzen. Sobald der Kunde die L\u00f6sung selbst formuliert hat, endet unsere Aufgabe, denn f\u00fcr die Umsetzung gibt es gen\u00fcgend Kr\u00e4fte im Unternehmen.<\/p>\n<p><img decoding=\"async\" loading=\"lazy\" class=\"alignleft size-medium wp-image-67\" src=\"http:\/\/bib-facts.barra-is-barra.de\/wp-content\/uploads\/2016\/05\/ghost-thinking-icon-300x300.jpg\" alt=\"\" width=\"300\" height=\"300\" srcset=\"https:\/\/bib-facts.barra-is-barra.de\/wp-content\/uploads\/2016\/05\/ghost-thinking-icon-300x300.jpg 300w, https:\/\/bib-facts.barra-is-barra.de\/wp-content\/uploads\/2016\/05\/ghost-thinking-icon-150x150.jpg 150w, https:\/\/bib-facts.barra-is-barra.de\/wp-content\/uploads\/2016\/05\/ghost-thinking-icon-768x768.jpg 768w, https:\/\/bib-facts.barra-is-barra.de\/wp-content\/uploads\/2016\/05\/ghost-thinking-icon-1024x1024.jpg 1024w, https:\/\/bib-facts.barra-is-barra.de\/wp-content\/uploads\/2016\/05\/ghost-thinking-icon-330x330.jpg 330w, https:\/\/bib-facts.barra-is-barra.de\/wp-content\/uploads\/2016\/05\/ghost-thinking-icon-96x96.jpg 96w, https:\/\/bib-facts.barra-is-barra.de\/wp-content\/uploads\/2016\/05\/ghost-thinking-icon-648x648.jpg 648w, https:\/\/bib-facts.barra-is-barra.de\/wp-content\/uploads\/2016\/05\/ghost-thinking-icon-192x192.jpg 192w, https:\/\/bib-facts.barra-is-barra.de\/wp-content\/uploads\/2016\/05\/ghost-thinking-icon.jpg 1181w\" sizes=\"(max-width: 300px) 100vw, 300px\" \/><\/p>\n","protected":false},"excerpt":{"rendered":"<p>Vordenken, Mitdenken und die Angst von der leeren Unbekannten nehmen Wie der Name schon sagt, analog eines Ghostwriters, bleiben wir mit unsere Expertise im Hintergrund. Meistens hat der Kunde nur eine vage Ahnung von dem, was er vorhat, kann es nicht konkretisieren. Oft sind die Entscheidungstr\u00e4ger mit ihren Problemen alleingelassen. In solchen Stresssituationen kommen sehr &hellip; <\/p>\n<p class=\"link-more\"><a href=\"https:\/\/bib-facts.barra-is-barra.de\/?page_id=175\" class=\"more-link\"><span class=\"screen-reader-text\">\u201eGhost-Thinking\u201c<\/span> weiterlesen<\/a><\/p>\n","protected":false},"author":1,"featured_media":0,"parent":0,"menu_order":0,"comment_status":"closed","ping_status":"closed","template":"","meta":[],"_links":{"self":[{"href":"https:\/\/bib-facts.barra-is-barra.de\/index.php?rest_route=\/wp\/v2\/pages\/175"}],"collection":[{"href":"https:\/\/bib-facts.barra-is-barra.de\/index.php?rest_route=\/wp\/v2\/pages"}],"about":[{"href":"https:\/\/bib-facts.barra-is-barra.de\/index.php?rest_route=\/wp\/v2\/types\/page"}],"author":[{"embeddable":true,"href":"https:\/\/bib-facts.barra-is-barra.de\/index.php?rest_route=\/wp\/v2\/users\/1"}],"replies":[{"embeddable":true,"href":"https:\/\/bib-facts.barra-is-barra.de\/index.php?rest_route=%2Fwp%2Fv2%2Fcomments&post=175"}],"version-history":[{"count":7,"href":"https:\/\/bib-facts.barra-is-barra.de\/index.php?rest_route=\/wp\/v2\/pages\/175\/revisions"}],"predecessor-version":[{"id":513,"href":"https:\/\/bib-facts.barra-is-barra.de\/index.php?rest_route=\/wp\/v2\/pages\/175\/revisions\/513"}],"wp:attachment":[{"href":"https:\/\/bib-facts.barra-is-barra.de\/index.php?rest_route=%2Fwp%2Fv2%2Fmedia&parent=175"}],"curies":[{"name":"wp","href":"https:\/\/api.w.org\/{rel}","templated":true}]}}