{"id":203,"date":"2017-07-13T15:31:12","date_gmt":"2017-07-13T15:31:12","guid":{"rendered":"http:\/\/bib-facts.barra-is-barra.de\/?page_id=203"},"modified":"2017-08-09T12:38:49","modified_gmt":"2017-08-09T12:38:49","slug":"zebarra","status":"publish","type":"page","link":"https:\/\/bib-facts.barra-is-barra.de\/?page_id=203","title":{"rendered":"ZeBARRA"},"content":{"rendered":"<h2><strong>Von Vision zu Mission \u2013 Identit\u00e4tspflege ist ein bisschen wie G\u00e4rtnerarbeit<\/strong><\/h2>\n<p>Unser Ziel ist die (Unternehmens-) Identit\u00e4t unserer Kunden bewusst zu machen, ihnen zu helfen, um die damit verbundenen Werte konsequent zu leben. Eben das Unsichtbare sichtbar zu machen und danach das Sichtbare zu ordnen.<\/p>\n<p>Es ist unsere \u00dcberzeugung, dass Glaubw\u00fcrdigkeit das h\u00f6chste Gut einer Person oder Unternehmens darstellt. Auch wenn diese oft und gerne als unwichtig eingestuft wird. Die Identit\u00e4t ist es ein sehr komplexes Gebilde und muss gelernt bzw. verstanden werden. Es ist stets in Bewegung und muss nachjustiert werden. Es \u00e4hnelt der Arbeit eines G\u00e4rtners.<\/p>\n<p>Die meisten \u2013 gerade die kleinen familiengef\u00fchrten Unternehmen \u2013 machen es intuitiv. Die gro\u00dfen Multis haben es schon l\u00e4ngst erkannt und investieren betr\u00e4chtliche Summen hierf\u00fcr. Je kleiner das Unternehmen umso mehr verschmilzt die Identit\u00e4t des Inhabers mit der seines Unternehmens. Das muss nicht schlecht sein, Hauptsache das <a href=\"http:\/\/bib-facts.barra-is-barra.de\/?page_id=376\">Eigenbild<\/a> (Corporate Identity) deckt sich mit dem Fremdbild (Corporate Image). Auch hier, ist es von Nutzen die <a href=\"http:\/\/bib-facts.barra-is-barra.de\/?page_id=376\">Johari-Fenster<\/a>\u00a0Methodik anzuwenden.<\/p>\n<p>Oft wird <a href=\"http:\/\/bib-facts.barra-is-barra.de\/?page_id=376\">Identit\u00e4t<\/a>\u00a0reduziert nur auf die Darstellung der \u00c4u\u00dferlichkeiten (Corporate Design), es ist aber auf viel mehr zu achten. Ein konsequenter Auftritt ist von Vorteil, aber es gibt eine Reihe weiterer Bereiche, die identit\u00e4tspr\u00e4gend wirken. Von der Kultur bis zum Verhalten und Kommunikation eines Unternehmens \u2013 alles ist eine Identit\u00e4tsfrage. Sogar die F\u00fchrungsstruktur (Corporate Governance) geh\u00f6rt dazu. Leider werden diese Sparten oft stark vernachl\u00e4ssigt.<\/p>\n<p>Der Rest ist nur konsequente Abwicklung. Es gibt viele, die das anbieten. Wir auch (siehe Referenzen). Von der Namensfindung, Entwicklung eines Erscheinungsbildes bei Bedarf mit Manual, klassischen Werbemitteln und Videoclips bis hin zu Content Management und Social Media.<\/p>\n<p>Oft f\u00e4ngt alles mit einer Analyse des vorhandenen (Ist-Zustand) an, um dorthin zu gelangen, wohin man eigentlich will (Soll-Zustand). Die unteren Fragen sollten Ihnen helfen, eine Bestandsaufnahme in Sachen eigener (Firmen-) Identit\u00e4t zu machen. Wenn Sie auf die meisten Fragen spontan eine Antwort parat haben, sind Sie ein Gl\u00fcckspilz und Sie brauchen keinen \u201eG\u00e4rtner\u201c oder Sie haben bereits einen.<\/p>\n<ul>\n<li>Wie stellen Sie Ihr Unternehmen dar? Wie m\u00f6chten Sie Ihr Unternehmen in der Zukunft darstellen?<\/li>\n<li>Wie glaubw\u00fcrdig ist die derzeitige Darstellung Ihres Unternehmens?<\/li>\n<li>Auf welche Art werden die Werte Ihres Unternehmens nach au\u00dfen kommuniziert?<\/li>\n<li>K\u00f6nnen Sie in 3 S\u00e4tzen sagen, was Ihr Gesch\u00e4ft beinhaltet?<\/li>\n<li>Was ist das Besondere, Einzigartige an Ihrem Unternehmen gegen\u00fcber Ihren Mitbewerbern?<\/li>\n<\/ul>\n<p>&nbsp;<\/p>\n<p><img decoding=\"async\" loading=\"lazy\" class=\"alignleft size-medium wp-image-66\" src=\"http:\/\/bib-facts.barra-is-barra.de\/wp-content\/uploads\/2016\/05\/bib-zebarra-icon-300x300.jpg\" alt=\"\" width=\"300\" height=\"300\" srcset=\"https:\/\/bib-facts.barra-is-barra.de\/wp-content\/uploads\/2016\/05\/bib-zebarra-icon-300x300.jpg 300w, https:\/\/bib-facts.barra-is-barra.de\/wp-content\/uploads\/2016\/05\/bib-zebarra-icon-150x150.jpg 150w, https:\/\/bib-facts.barra-is-barra.de\/wp-content\/uploads\/2016\/05\/bib-zebarra-icon-768x768.jpg 768w, https:\/\/bib-facts.barra-is-barra.de\/wp-content\/uploads\/2016\/05\/bib-zebarra-icon-1024x1024.jpg 1024w, https:\/\/bib-facts.barra-is-barra.de\/wp-content\/uploads\/2016\/05\/bib-zebarra-icon-330x330.jpg 330w, https:\/\/bib-facts.barra-is-barra.de\/wp-content\/uploads\/2016\/05\/bib-zebarra-icon-96x96.jpg 96w, https:\/\/bib-facts.barra-is-barra.de\/wp-content\/uploads\/2016\/05\/bib-zebarra-icon-648x648.jpg 648w, https:\/\/bib-facts.barra-is-barra.de\/wp-content\/uploads\/2016\/05\/bib-zebarra-icon-192x192.jpg 192w, https:\/\/bib-facts.barra-is-barra.de\/wp-content\/uploads\/2016\/05\/bib-zebarra-icon.jpg 1200w\" sizes=\"(max-width: 300px) 100vw, 300px\" \/><\/p>\n","protected":false},"excerpt":{"rendered":"<p>Von Vision zu Mission \u2013 Identit\u00e4tspflege ist ein bisschen wie G\u00e4rtnerarbeit Unser Ziel ist die (Unternehmens-) Identit\u00e4t unserer Kunden bewusst zu machen, ihnen zu helfen, um die damit verbundenen Werte konsequent zu leben. Eben das Unsichtbare sichtbar zu machen und danach das Sichtbare zu ordnen. Es ist unsere \u00dcberzeugung, dass Glaubw\u00fcrdigkeit das h\u00f6chste Gut einer &hellip; <\/p>\n<p class=\"link-more\"><a href=\"https:\/\/bib-facts.barra-is-barra.de\/?page_id=203\" class=\"more-link\"><span class=\"screen-reader-text\">\u201eZeBARRA\u201c<\/span> weiterlesen<\/a><\/p>\n","protected":false},"author":1,"featured_media":0,"parent":0,"menu_order":0,"comment_status":"closed","ping_status":"closed","template":"","meta":[],"_links":{"self":[{"href":"https:\/\/bib-facts.barra-is-barra.de\/index.php?rest_route=\/wp\/v2\/pages\/203"}],"collection":[{"href":"https:\/\/bib-facts.barra-is-barra.de\/index.php?rest_route=\/wp\/v2\/pages"}],"about":[{"href":"https:\/\/bib-facts.barra-is-barra.de\/index.php?rest_route=\/wp\/v2\/types\/page"}],"author":[{"embeddable":true,"href":"https:\/\/bib-facts.barra-is-barra.de\/index.php?rest_route=\/wp\/v2\/users\/1"}],"replies":[{"embeddable":true,"href":"https:\/\/bib-facts.barra-is-barra.de\/index.php?rest_route=%2Fwp%2Fv2%2Fcomments&post=203"}],"version-history":[{"count":10,"href":"https:\/\/bib-facts.barra-is-barra.de\/index.php?rest_route=\/wp\/v2\/pages\/203\/revisions"}],"predecessor-version":[{"id":519,"href":"https:\/\/bib-facts.barra-is-barra.de\/index.php?rest_route=\/wp\/v2\/pages\/203\/revisions\/519"}],"wp:attachment":[{"href":"https:\/\/bib-facts.barra-is-barra.de\/index.php?rest_route=%2Fwp%2Fv2%2Fmedia&parent=203"}],"curies":[{"name":"wp","href":"https:\/\/api.w.org\/{rel}","templated":true}]}}