{"id":214,"date":"2017-07-13T15:37:26","date_gmt":"2017-07-13T15:37:26","guid":{"rendered":"http:\/\/bib-facts.barra-is-barra.de\/?page_id=214"},"modified":"2019-09-13T09:11:58","modified_gmt":"2019-09-13T09:11:58","slug":"dr-med-silke-barra","status":"publish","type":"page","link":"https:\/\/bib-facts.barra-is-barra.de\/?page_id=214","title":{"rendered":"unsichtbar sichtbar"},"content":{"rendered":"<p><strong>Silke<\/strong> macht das <a href=\"http:\/\/bib-facts.barra-is-barra.de\/?page_id=264\">Unsichtbare<\/a> sichtbar. Durch ein fundiertes Wissen \u00fcber das menschliche Verhalten und jahrzehntelange Erfahrung im Umgang mit Managern, bringt sie das Verborgene im Menschen durch erprobte Fragetechniken zum Vorschein.<\/p>\n<p><strong>Istv\u00e1n<\/strong> ordnet das <a href=\"http:\/\/bib-facts.barra-is-barra.de\/?page_id=255\">Sichtbare<\/a>. Als langj\u00e4hriger Spezialist f\u00fcr Kommunikation mit besonderem Augenmerk f\u00fcr Visualrhetorik und Identit\u00e4tsfragen entwickelt er gemeinsam mit dem Kunden\u00a0Strategien f\u00fcr einen nachhaltigen Erfolg vom Grundgedanken bis zum fertigem Produkt.<\/p>\n<p><img decoding=\"async\" loading=\"lazy\" class=\"alignleft size-medium wp-image-527\" src=\"http:\/\/bib-facts.barra-is-barra.de\/wp-content\/uploads\/2017\/08\/bib-logo-xray-300x296.jpg\" alt=\"\" width=\"300\" height=\"296\" srcset=\"https:\/\/bib-facts.barra-is-barra.de\/wp-content\/uploads\/2017\/08\/bib-logo-xray-300x296.jpg 300w, https:\/\/bib-facts.barra-is-barra.de\/wp-content\/uploads\/2017\/08\/bib-logo-xray-768x758.jpg 768w, https:\/\/bib-facts.barra-is-barra.de\/wp-content\/uploads\/2017\/08\/bib-logo-xray-100x100.jpg 100w, https:\/\/bib-facts.barra-is-barra.de\/wp-content\/uploads\/2017\/08\/bib-logo-xray.jpg 954w\" sizes=\"(max-width: 300px) 100vw, 300px\" \/><\/p>\n","protected":false},"excerpt":{"rendered":"<p>Silke macht das Unsichtbare sichtbar. Durch ein fundiertes Wissen \u00fcber das menschliche Verhalten und jahrzehntelange Erfahrung im Umgang mit Managern, bringt sie das Verborgene im Menschen durch erprobte Fragetechniken zum Vorschein. Istv\u00e1n ordnet das Sichtbare. Als langj\u00e4hriger Spezialist f\u00fcr Kommunikation mit besonderem Augenmerk f\u00fcr Visualrhetorik und Identit\u00e4tsfragen entwickelt er gemeinsam mit dem Kunden\u00a0Strategien f\u00fcr einen &hellip; <\/p>\n<p class=\"link-more\"><a href=\"https:\/\/bib-facts.barra-is-barra.de\/?page_id=214\" class=\"more-link\"><span class=\"screen-reader-text\">\u201eunsichtbar sichtbar\u201c<\/span> weiterlesen<\/a><\/p>\n","protected":false},"author":1,"featured_media":0,"parent":0,"menu_order":0,"comment_status":"closed","ping_status":"closed","template":"","meta":[],"_links":{"self":[{"href":"https:\/\/bib-facts.barra-is-barra.de\/index.php?rest_route=\/wp\/v2\/pages\/214"}],"collection":[{"href":"https:\/\/bib-facts.barra-is-barra.de\/index.php?rest_route=\/wp\/v2\/pages"}],"about":[{"href":"https:\/\/bib-facts.barra-is-barra.de\/index.php?rest_route=\/wp\/v2\/types\/page"}],"author":[{"embeddable":true,"href":"https:\/\/bib-facts.barra-is-barra.de\/index.php?rest_route=\/wp\/v2\/users\/1"}],"replies":[{"embeddable":true,"href":"https:\/\/bib-facts.barra-is-barra.de\/index.php?rest_route=%2Fwp%2Fv2%2Fcomments&post=214"}],"version-history":[{"count":12,"href":"https:\/\/bib-facts.barra-is-barra.de\/index.php?rest_route=\/wp\/v2\/pages\/214\/revisions"}],"predecessor-version":[{"id":850,"href":"https:\/\/bib-facts.barra-is-barra.de\/index.php?rest_route=\/wp\/v2\/pages\/214\/revisions\/850"}],"wp:attachment":[{"href":"https:\/\/bib-facts.barra-is-barra.de\/index.php?rest_route=%2Fwp%2Fv2%2Fmedia&parent=214"}],"curies":[{"name":"wp","href":"https:\/\/api.w.org\/{rel}","templated":true}]}}