{"id":264,"date":"2017-07-13T16:13:38","date_gmt":"2017-07-13T16:13:38","guid":{"rendered":"http:\/\/bib-facts.barra-is-barra.de\/?page_id=264"},"modified":"2018-01-12T12:28:09","modified_gmt":"2018-01-12T12:28:09","slug":"dr-med-silke-barra-2","status":"publish","type":"page","link":"https:\/\/bib-facts.barra-is-barra.de\/?page_id=264","title":{"rendered":"Dr. med. Silke Barra"},"content":{"rendered":"<h2><strong>Unsichtbar<\/strong><\/h2>\n<p>Silke ist f\u00fcr Soft-Skills-Management, Profiling und Assessment und als Sparring-Partnerin f\u00fcr Entscheider zust\u00e4ndig.<\/p>\n<p>Studium der Humanmedizin als Stipendiatin der EWG (Vorg\u00e4nger der EU) in mehreren Universit\u00e4tsst\u00e4dten Europas. Fach\u00e4rztin f\u00fcr Innere Medizin (Kardiologie) und Zusatzqualifikation Sexualmedizin, Betriebswirtschaft (FHS), Fernstudium Psychologie\/medizinische Psychotherapie.<\/p>\n<p>T\u00e4tigkeit als Mitglied einer internistischen Gemeinschaftspraxis, als Medizinische Referentin, Gesch\u00e4ftsf\u00fchrerin \/ Produktmanagerin, Dozentin und Coach in deutschen und ausl\u00e4ndischen Pharmaunternehmen.<\/p>\n<p>Meine aktuellen Schwerpunkte sind Counceling, die Entwicklung einer neuen Typologie- Klassifikation (siehe Typologie-Buch) wie auch Content-Management.<\/p>\n<p><img decoding=\"async\" loading=\"lazy\" class=\"alignleft size-medium wp-image-619\" src=\"http:\/\/bib-facts.barra-is-barra.de\/wp-content\/uploads\/2018\/01\/silke.b-300x300.jpg\" alt=\"\" width=\"300\" height=\"300\" srcset=\"https:\/\/bib-facts.barra-is-barra.de\/wp-content\/uploads\/2018\/01\/silke.b-300x300.jpg 300w, https:\/\/bib-facts.barra-is-barra.de\/wp-content\/uploads\/2018\/01\/silke.b-150x150.jpg 150w, https:\/\/bib-facts.barra-is-barra.de\/wp-content\/uploads\/2018\/01\/silke.b-768x768.jpg 768w, https:\/\/bib-facts.barra-is-barra.de\/wp-content\/uploads\/2018\/01\/silke.b-1024x1024.jpg 1024w, https:\/\/bib-facts.barra-is-barra.de\/wp-content\/uploads\/2018\/01\/silke.b-100x100.jpg 100w\" sizes=\"(max-width: 300px) 100vw, 300px\" \/><\/p>\n","protected":false},"excerpt":{"rendered":"<p>Unsichtbar Silke ist f\u00fcr Soft-Skills-Management, Profiling und Assessment und als Sparring-Partnerin f\u00fcr Entscheider zust\u00e4ndig. Studium der Humanmedizin als Stipendiatin der EWG (Vorg\u00e4nger der EU) in mehreren Universit\u00e4tsst\u00e4dten Europas. Fach\u00e4rztin f\u00fcr Innere Medizin (Kardiologie) und Zusatzqualifikation Sexualmedizin, Betriebswirtschaft (FHS), Fernstudium Psychologie\/medizinische Psychotherapie. T\u00e4tigkeit als Mitglied einer internistischen Gemeinschaftspraxis, als Medizinische Referentin, Gesch\u00e4ftsf\u00fchrerin \/ Produktmanagerin, Dozentin und &hellip; <\/p>\n<p class=\"link-more\"><a href=\"https:\/\/bib-facts.barra-is-barra.de\/?page_id=264\" class=\"more-link\"><span class=\"screen-reader-text\">\u201eDr. med. Silke Barra\u201c<\/span> weiterlesen<\/a><\/p>\n","protected":false},"author":1,"featured_media":0,"parent":214,"menu_order":0,"comment_status":"closed","ping_status":"closed","template":"","meta":[],"_links":{"self":[{"href":"https:\/\/bib-facts.barra-is-barra.de\/index.php?rest_route=\/wp\/v2\/pages\/264"}],"collection":[{"href":"https:\/\/bib-facts.barra-is-barra.de\/index.php?rest_route=\/wp\/v2\/pages"}],"about":[{"href":"https:\/\/bib-facts.barra-is-barra.de\/index.php?rest_route=\/wp\/v2\/types\/page"}],"author":[{"embeddable":true,"href":"https:\/\/bib-facts.barra-is-barra.de\/index.php?rest_route=\/wp\/v2\/users\/1"}],"replies":[{"embeddable":true,"href":"https:\/\/bib-facts.barra-is-barra.de\/index.php?rest_route=%2Fwp%2Fv2%2Fcomments&post=264"}],"version-history":[{"count":6,"href":"https:\/\/bib-facts.barra-is-barra.de\/index.php?rest_route=\/wp\/v2\/pages\/264\/revisions"}],"predecessor-version":[{"id":621,"href":"https:\/\/bib-facts.barra-is-barra.de\/index.php?rest_route=\/wp\/v2\/pages\/264\/revisions\/621"}],"up":[{"embeddable":true,"href":"https:\/\/bib-facts.barra-is-barra.de\/index.php?rest_route=\/wp\/v2\/pages\/214"}],"wp:attachment":[{"href":"https:\/\/bib-facts.barra-is-barra.de\/index.php?rest_route=%2Fwp%2Fv2%2Fmedia&parent=264"}],"curies":[{"name":"wp","href":"https:\/\/api.w.org\/{rel}","templated":true}]}}