{"id":320,"date":"2017-07-14T13:23:36","date_gmt":"2017-07-14T13:23:36","guid":{"rendered":"http:\/\/bib-facts.barra-is-barra.de\/?page_id=320"},"modified":"2017-07-18T09:34:13","modified_gmt":"2017-07-18T09:34:13","slug":"wie-tun-wir-es","status":"publish","type":"page","link":"https:\/\/bib-facts.barra-is-barra.de\/?page_id=320","title":{"rendered":"Wie tun wir es?"},"content":{"rendered":"<p>Wir machen das <a href=\"http:\/\/bib-facts.barra-is-barra.de\/?page_id=264\">Unsichtbare\u00a0<\/a>sichtbar und ordnen das <a href=\"http:\/\/bib-facts.barra-is-barra.de\/?page_id=255\">Sichtbare<\/a>. Wir beobachten ein System und finden Signale. Die meisten nehmen diese Zeichen aber nicht wahr, deshalb machen wir sie f\u00fcr den Kunden erst sichtbar und dann deuten wir sie.<\/p>\n<p>Unsere erste, grunds\u00e4tzliche Frage: <strong>Wie k\u00f6nnen wir Ihnen helfen?<\/strong><\/p>\n<p>Jetzt kommt es darauf an, ob unser Gegen\u00fcber bereit ist, Tacheles zu reden oder mit einem gro\u00dfen oder kleinen Bogen das Problem umschifft. Nach einigen Zwischenfragen schaffen wir meistens sehr schnell, eine sogenannte <em>Verdachtsdiagnose<\/em> zu stellen, die wir aber noch nicht kommunizieren.<\/p>\n<p>Ein bisschen wie bei den Bildern im <em>Magic Eye. <\/em>Kennen Sie die zun\u00e4chst bunten, chaotisch anmutenden Bilder? Man kann durch Ver\u00e4ndern des Abstands zwischen den Augen und dem Buch auf einmal Motive entdecken, die in dem Urbild nicht ausfindig zu machen sind. So in etwa l\u00e4sst sich unsere Arbeit beschreiben.<\/p>\n<p>Wir kommen von au\u00dfen, analysieren den Ist-Zustand aus objektiver Sicht, da wir nicht involviert sind. Wenn die Bereitschaft da ist, holen wir auch einsame Manager aus ihrem Inseldasein.<\/p>\n<p>Wir sind bereit mit Ihnen nachzudenken, dadurch Ideen- und Impulsgeber. Auf Wunsch k\u00f6nnen wir diese Ideen ausarbeiten oder umsetzen (siehe Produkte).<\/p>\n<p>&nbsp;<\/p>\n","protected":false},"excerpt":{"rendered":"<p>Wir machen das Unsichtbare\u00a0sichtbar und ordnen das Sichtbare. Wir beobachten ein System und finden Signale. Die meisten nehmen diese Zeichen aber nicht wahr, deshalb machen wir sie f\u00fcr den Kunden erst sichtbar und dann deuten wir sie. Unsere erste, grunds\u00e4tzliche Frage: Wie k\u00f6nnen wir Ihnen helfen? Jetzt kommt es darauf an, ob unser Gegen\u00fcber bereit &hellip; <\/p>\n<p class=\"link-more\"><a href=\"https:\/\/bib-facts.barra-is-barra.de\/?page_id=320\" class=\"more-link\"><span class=\"screen-reader-text\">\u201eWie tun wir es?\u201c<\/span> weiterlesen<\/a><\/p>\n","protected":false},"author":1,"featured_media":0,"parent":108,"menu_order":0,"comment_status":"closed","ping_status":"closed","template":"","meta":[],"_links":{"self":[{"href":"https:\/\/bib-facts.barra-is-barra.de\/index.php?rest_route=\/wp\/v2\/pages\/320"}],"collection":[{"href":"https:\/\/bib-facts.barra-is-barra.de\/index.php?rest_route=\/wp\/v2\/pages"}],"about":[{"href":"https:\/\/bib-facts.barra-is-barra.de\/index.php?rest_route=\/wp\/v2\/types\/page"}],"author":[{"embeddable":true,"href":"https:\/\/bib-facts.barra-is-barra.de\/index.php?rest_route=\/wp\/v2\/users\/1"}],"replies":[{"embeddable":true,"href":"https:\/\/bib-facts.barra-is-barra.de\/index.php?rest_route=%2Fwp%2Fv2%2Fcomments&post=320"}],"version-history":[{"count":5,"href":"https:\/\/bib-facts.barra-is-barra.de\/index.php?rest_route=\/wp\/v2\/pages\/320\/revisions"}],"predecessor-version":[{"id":413,"href":"https:\/\/bib-facts.barra-is-barra.de\/index.php?rest_route=\/wp\/v2\/pages\/320\/revisions\/413"}],"up":[{"embeddable":true,"href":"https:\/\/bib-facts.barra-is-barra.de\/index.php?rest_route=\/wp\/v2\/pages\/108"}],"wp:attachment":[{"href":"https:\/\/bib-facts.barra-is-barra.de\/index.php?rest_route=%2Fwp%2Fv2%2Fmedia&parent=320"}],"curies":[{"name":"wp","href":"https:\/\/api.w.org\/{rel}","templated":true}]}}