{"id":681,"date":"2018-03-17T17:00:47","date_gmt":"2018-03-17T17:00:47","guid":{"rendered":"http:\/\/bib-facts.barra-is-barra.de\/?page_id=681"},"modified":"2018-03-19T09:44:15","modified_gmt":"2018-03-19T09:44:15","slug":"weitere-infos","status":"publish","type":"page","link":"https:\/\/bib-facts.barra-is-barra.de\/?page_id=681","title":{"rendered":"Weitere Infos"},"content":{"rendered":"<p>Unsere Produkte k\u00f6nnen einzeln oder aufeinander aufbauend in Anspruch genommen, bzw. gebucht werden. Sie k\u00f6nnen es jederzeit abbrechen oder nach einer l\u00e4ngeren Pause weitermachen.<\/p>\n<p>Eine Sitzung (Session) dauert in der Regel eine oder maximal zwei Stunden. Der Ablauf ist meist \u00e4hnlich:<\/p>\n<ul>\n<li>Arbeit (50%)<\/li>\n<li>Settlement (25%)<\/li>\n<li>Resum\u00e9e (25%)<\/li>\n<\/ul>\n<p>Die Sessions k\u00f6nnen in den R\u00e4umen des Kunden, in unseren R\u00e4umen oder an einem neutralen Ort stattfinden. Sie k\u00f6nnen in einem pers\u00f6nlichen (face-to-face) Austausch, telefonisch, w\u00e4hrend eines Spaziergangs oder in einem Lokal oder Airport-Lobby gemacht werden. Es ist aber sinnvoll, beim ersten Treffen m\u00f6glichst dem Kunden gegen\u00fcber sitzen zu k\u00f6nnen.<\/p>\n<p>Der Stundensatz betr\u00e4gt \u20ac200,- ohne MwSt. Bei Bedarf k\u00f6nnen auch Tages-Workshops, die dann mit \u20ac2.500,- eventuell zus\u00e4tzlich Spesen f\u00fcr Reise\/\u00dcbernachtung, gebucht werden k\u00f6nnen.<\/p>\n","protected":false},"excerpt":{"rendered":"<p>Unsere Produkte k\u00f6nnen einzeln oder aufeinander aufbauend in Anspruch genommen, bzw. gebucht werden. Sie k\u00f6nnen es jederzeit abbrechen oder nach einer l\u00e4ngeren Pause weitermachen. Eine Sitzung (Session) dauert in der Regel eine oder maximal zwei Stunden. Der Ablauf ist meist \u00e4hnlich: Arbeit (50%) Settlement (25%) Resum\u00e9e (25%) Die Sessions k\u00f6nnen in den R\u00e4umen des Kunden, &hellip; <\/p>\n<p class=\"link-more\"><a href=\"https:\/\/bib-facts.barra-is-barra.de\/?page_id=681\" class=\"more-link\"><span class=\"screen-reader-text\">\u201eWeitere Infos\u201c<\/span> weiterlesen<\/a><\/p>\n","protected":false},"author":1,"featured_media":0,"parent":0,"menu_order":0,"comment_status":"closed","ping_status":"closed","template":"","meta":[],"_links":{"self":[{"href":"https:\/\/bib-facts.barra-is-barra.de\/index.php?rest_route=\/wp\/v2\/pages\/681"}],"collection":[{"href":"https:\/\/bib-facts.barra-is-barra.de\/index.php?rest_route=\/wp\/v2\/pages"}],"about":[{"href":"https:\/\/bib-facts.barra-is-barra.de\/index.php?rest_route=\/wp\/v2\/types\/page"}],"author":[{"embeddable":true,"href":"https:\/\/bib-facts.barra-is-barra.de\/index.php?rest_route=\/wp\/v2\/users\/1"}],"replies":[{"embeddable":true,"href":"https:\/\/bib-facts.barra-is-barra.de\/index.php?rest_route=%2Fwp%2Fv2%2Fcomments&post=681"}],"version-history":[{"count":3,"href":"https:\/\/bib-facts.barra-is-barra.de\/index.php?rest_route=\/wp\/v2\/pages\/681\/revisions"}],"predecessor-version":[{"id":707,"href":"https:\/\/bib-facts.barra-is-barra.de\/index.php?rest_route=\/wp\/v2\/pages\/681\/revisions\/707"}],"wp:attachment":[{"href":"https:\/\/bib-facts.barra-is-barra.de\/index.php?rest_route=%2Fwp%2Fv2%2Fmedia&parent=681"}],"curies":[{"name":"wp","href":"https:\/\/api.w.org\/{rel}","templated":true}]}}