{"id":99,"date":"2017-07-13T13:40:27","date_gmt":"2017-07-13T13:40:27","guid":{"rendered":"http:\/\/bib-facts.barra-is-barra.de\/?page_id=99"},"modified":"2017-08-09T12:40:59","modified_gmt":"2017-08-09T12:40:59","slug":"unser-name","status":"publish","type":"page","link":"https:\/\/bib-facts.barra-is-barra.de\/?page_id=99","title":{"rendered":"Unser Name"},"content":{"rendered":"<h1><strong>barra is barra<\/strong><\/h1>\n<p>Nomen est Omen \u2013 der Name ist ein Zeichen. Durch die gl\u00fcckliche F\u00fcgung unserer beider Namen, <a href=\"http:\/\/bib-facts.barra-is-barra.de\/?page_id=376\">Barra Istv\u00e1n<\/a>\u00a0(barra-i) und Silke Barra (s-barra), ergab sich eine Sinn stiftende Form der Identit\u00e4t-Darstellung, n\u00e4mlich:<a href=\"http:\/\/bib-facts.barra-is-barra.de\/?page_id=376\"><strong> ich bin \u2013 der ich bin<\/strong><\/a>. Das ist unser Credo und das unterst\u00fctzen und f\u00f6rdern wir auch bei unseren Kunden. Wir sind \u00fcberzeugt, dass die Glaubw\u00fcrdigkeit das h\u00f6chste Gut einer Person oder eines Unternehmens ist. Wenn eine klare Identit\u00e4t vorhanden ist und dies redlich und konsequent kommuniziert wird, ist der Rest der Aufgaben meist nur Abwicklung und oft schnell l\u00f6sbar.<\/p>\n<p>&nbsp;<\/p>\n","protected":false},"excerpt":{"rendered":"<p>barra is barra Nomen est Omen \u2013 der Name ist ein Zeichen. Durch die gl\u00fcckliche F\u00fcgung unserer beider Namen, Barra Istv\u00e1n\u00a0(barra-i) und Silke Barra (s-barra), ergab sich eine Sinn stiftende Form der Identit\u00e4t-Darstellung, n\u00e4mlich: ich bin \u2013 der ich bin. Das ist unser Credo und das unterst\u00fctzen und f\u00f6rdern wir auch bei unseren Kunden. Wir &hellip; <\/p>\n<p class=\"link-more\"><a href=\"https:\/\/bib-facts.barra-is-barra.de\/?page_id=99\" class=\"more-link\"><span class=\"screen-reader-text\">\u201eUnser Name\u201c<\/span> weiterlesen<\/a><\/p>\n","protected":false},"author":1,"featured_media":0,"parent":0,"menu_order":0,"comment_status":"closed","ping_status":"closed","template":"","meta":[],"_links":{"self":[{"href":"https:\/\/bib-facts.barra-is-barra.de\/index.php?rest_route=\/wp\/v2\/pages\/99"}],"collection":[{"href":"https:\/\/bib-facts.barra-is-barra.de\/index.php?rest_route=\/wp\/v2\/pages"}],"about":[{"href":"https:\/\/bib-facts.barra-is-barra.de\/index.php?rest_route=\/wp\/v2\/types\/page"}],"author":[{"embeddable":true,"href":"https:\/\/bib-facts.barra-is-barra.de\/index.php?rest_route=\/wp\/v2\/users\/1"}],"replies":[{"embeddable":true,"href":"https:\/\/bib-facts.barra-is-barra.de\/index.php?rest_route=%2Fwp%2Fv2%2Fcomments&post=99"}],"version-history":[{"count":6,"href":"https:\/\/bib-facts.barra-is-barra.de\/index.php?rest_route=\/wp\/v2\/pages\/99\/revisions"}],"predecessor-version":[{"id":522,"href":"https:\/\/bib-facts.barra-is-barra.de\/index.php?rest_route=\/wp\/v2\/pages\/99\/revisions\/522"}],"wp:attachment":[{"href":"https:\/\/bib-facts.barra-is-barra.de\/index.php?rest_route=%2Fwp%2Fv2%2Fmedia&parent=99"}],"curies":[{"name":"wp","href":"https:\/\/api.w.org\/{rel}","templated":true}]}}